{"id":1602,"date":"2024-07-10T11:29:31","date_gmt":"2024-07-10T11:29:31","guid":{"rendered":"https:\/\/www.stella-croatica.hr\/en\/?page_id=1602"},"modified":"2025-04-23T08:27:58","modified_gmt":"2025-04-23T08:27:58","slug":"new-generation","status":"publish","type":"page","link":"https:\/\/qr.stella-croatica.hr\/en\/new-generation\/","title":{"rendered":"New generation"},"content":{"rendered":"<p><\/p>\n<p><img loading=\"lazy\" class=\"alignnone wp-image-1604 size-full\" src=\"https:\/\/qr.stella-croatica.hr\/wp-content\/uploads\/2024\/07\/eu_next_gen.png\" alt=\"Financira EU NextGenerationEU\" width=\"300\" height=\"77\" \/><\/p>\n<p>&nbsp;<\/p>\n<p><strong>Naziv projekta:<\/strong> O\u010duvanje gastronomske i prirodne ba\u0161tine Dalmacije i Dalmatinske zagore<\/p>\n<p>&nbsp;<\/p>\n<p>\n<strong>Kratki opis projekta:<\/strong> Dru\u0161tvo Stella Mediterranea d.o.o. ovim projektom ula\u017ee u obuhvatnu zelenu i digitalnu tranziciju tematskog parka Stella Croatica u Klisu. Projektom \u0107e se provesti klju\u010dne aktivnosti kojima \u0107e se posti\u0107i ve\u0107i stupanj kvalitete usluge i pozicioniranje parka u turisti\u010dkom sektoru te se projektom uvodi dodatni inovativni sadr\u017eaj u poslovanje parka.<\/p>\n<p>&nbsp;<\/p>\n<p>\n<strong>Ciljevi i o\u010dekivani rezultati projekta:<\/strong> Svrha projekta je provesti digitalnu i zelenu tranziciju kroz ulaganja u novu tehnologiju i razvoj tematskog parka Stella Croatica te postizanje dodane vrijednosti temeljene na novim i u\u010dinkovitim tehnologijama prihvatljivim za okoli\u0161 te inovativnih sadr\u017eaja s kona\u010dnim rezultatom rasta konkurentnosti i boljeg pozicioniranja na turisti\u010dkom tr\u017ei\u0161tu.<\/p>\n<p>&nbsp;<\/p>\n<p>\n<strong>Ukupna vrijednost projekta:<\/strong> 1.173.203,16 eur, iznos koji sufinancira EU: 546.409,96 eur<\/p>\n<p>&nbsp;<\/p>\n<p>\n<strong>Razdoblje provedbe projekta:<\/strong> od 1.7.2023. do 30.06.2025.<\/p>\n<p>&nbsp;<\/p>\n<p>\n<strong>Kontakt osoba za vi\u0161e informacija:<\/strong> Zrinka Javor\u010di\u0107, racunovodstvo@stella-croatica.hr<\/p>\n<p>&nbsp;<\/p>\n<p>\nZa vi\u0161e informacija o Nacionalnom planu oporavka i otpornosti posjetite: <a href=\"https:\/\/fondovieu.gov.hr\/\" target=\"_blank\" rel=\"noopener\">https:\/\/fondovieu.gov.hr\/<\/a><\/p>\n<p>&nbsp;<\/p>\n<p>Projekt je sufinanciran iz Mehanizma za oporavak i otpornost.<br \/>\nSadr\u017eaj objavljenog materijala isklju\u010diva je odgovornost STELLA MEDITERRANEA d.o.o.<\/p>\n<p><\/p>","protected":false},"excerpt":{"rendered":"<p>&nbsp; Naziv projekta: O\u010duvanje gastronomske i prirodne ba\u0161tine Dalmacije i Dalmatinske zagore &nbsp; Kratki opis projekta: Dru\u0161tvo Stella Mediterranea d.o.o. ovim projektom ula\u017ee u obuhvatnu zelenu i digitalnu tranziciju tematskog parka Stella Croatica u Klisu. Projektom \u0107e se provesti klju\u010dne aktivnosti kojima \u0107e se posti\u0107i ve\u0107i stupanj kvalitete usluge i pozicioniranje parka u turisti\u010dkom sektoru [&hellip;]<\/p>\n","protected":false},"author":1,"featured_media":0,"parent":0,"menu_order":0,"comment_status":"closed","ping_status":"closed","template":"","meta":[],"_links":{"self":[{"href":"https:\/\/qr.stella-croatica.hr\/en\/wp-json\/wp\/v2\/pages\/1602"}],"collection":[{"href":"https:\/\/qr.stella-croatica.hr\/en\/wp-json\/wp\/v2\/pages"}],"about":[{"href":"https:\/\/qr.stella-croatica.hr\/en\/wp-json\/wp\/v2\/types\/page"}],"author":[{"embeddable":true,"href":"https:\/\/qr.stella-croatica.hr\/en\/wp-json\/wp\/v2\/users\/1"}],"replies":[{"embeddable":true,"href":"https:\/\/qr.stella-croatica.hr\/en\/wp-json\/wp\/v2\/comments?post=1602"}],"version-history":[{"count":10,"href":"https:\/\/qr.stella-croatica.hr\/en\/wp-json\/wp\/v2\/pages\/1602\/revisions"}],"predecessor-version":[{"id":1631,"href":"https:\/\/qr.stella-croatica.hr\/en\/wp-json\/wp\/v2\/pages\/1602\/revisions\/1631"}],"wp:attachment":[{"href":"https:\/\/qr.stella-croatica.hr\/en\/wp-json\/wp\/v2\/media?parent=1602"}],"curies":[{"name":"wp","href":"https:\/\/api.w.org\/{rel}","templated":true}]}}